{"id":15236,"date":"2024-09-03T09:47:40","date_gmt":"2024-09-03T07:47:40","guid":{"rendered":"https:\/\/bikotronic.de\/?page_id=15236"},"modified":"2025-04-28T10:45:52","modified_gmt":"2025-04-28T08:45:52","slug":"news","status":"publish","type":"page","link":"https:\/\/bikotronic.de\/en\/news\/","title":{"rendered":"News"},"content":{"rendered":"<div data-elementor-type=\"wp-page\" data-elementor-id=\"15236\" class=\"elementor elementor-15236\" data-elementor-post-type=\"page\">\n\t\t\t\t        <section class=\"elementor-section elementor-top-section elementor-element elementor-element-093790d elementor-section-full_width elementor-section-stretched pxl-bg-color-full elementor-section-height-default elementor-section-height-default pxl-row-scroll-none pxl-zoom-point-false pxl-section-overflow-visible pxl-section-fix-none pxl-full-content-with-space-none pxl-section-overlay-none\" data-id=\"093790d\" data-element_type=\"section\" data-settings=\"{&quot;stretch_section&quot;:&quot;section-stretched&quot;}\">\n\n                \n        <div class=\"pxl-section-overlay-color overlay-type-full\" data-space-top=\"\" data-space-left=\"\" data-space-right=\"\" data-space-bottom=\"\" data-radius-top=\"\" data-radius-right=\"\" data-radius-bottom=\"\" data-radius-left=\"\"><\/div>        <div class=\"elementor-container elementor-column-gap-no\">\n                <div class=\"elementor-column elementor-col-100 elementor-top-column elementor-element elementor-element-d7d6a5a pxl-column-none pxl-column-overflow-hidden-no\" data-id=\"d7d6a5a\" data-element_type=\"column\">\r\n        <div class=\"elementor-widget-wrap elementor-element-populated\">\r\n                     \r\n        \t\t<div class=\"elementor-element elementor-element-3f0411c elementor-widget elementor-widget-pxl_slider_carousel\" data-id=\"3f0411c\" data-element_type=\"widget\" data-widget_type=\"pxl_slider_carousel.default\">\n\t\t\t\t<div class=\"elementor-widget-container\">\n\t\t\t\t\t    <div class=\"pxl-swiper-slider pxl-slider-carousel pxl-slider-carousel1 pxl-drag-area pxl-parent-transition pxl-parent-cursor pxl-swiper-arrow-show pxl-show-arrow\" data-view-auto=\"1\">\n        <div class=\"pxl-carousel-inner\">\n            <div class=\"pxl-swiper-container\" dir=\"ltr\" data-settings=\"{&quot;slide_direction&quot;:&quot;horizontal&quot;,&quot;slide_percolumn&quot;:&quot;1&quot;,&quot;slide_mode&quot;:&quot;slide&quot;,&quot;slides_to_show&quot;:1,&quot;slides_to_show_xxl&quot;:1,&quot;slides_to_show_lg&quot;:1,&quot;slides_to_show_md&quot;:1,&quot;slides_to_show_sm&quot;:1,&quot;slides_to_show_xs&quot;:1,&quot;slides_to_scroll&quot;:1,&quot;arrow&quot;:true,&quot;pagination&quot;:true,&quot;pagination_type&quot;:&quot;bullets&quot;,&quot;autoplay&quot;:false,&quot;pause_on_hover&quot;:false,&quot;pause_on_interaction&quot;:&quot;true&quot;,&quot;delay&quot;:5000,&quot;loop&quot;:true,&quot;center&quot;:0,&quot;speed&quot;:1200,&quot;parallax&quot;:&quot;true&quot;}\">\n                <div class=\"pxl-swiper-wrapper\">\n                                            <div class=\"pxl-swiper-slide\">\n                            <div class=\"swiper-slide-inner\" data-swiper-parallax=\"50%\">\n                                <div class=\"pxl-item--inner\" data-wow-delay=\"ms\">\n                                    <div class=\"pxl-item--content\">\n                                        <div class=\"content--inner\">\n                                            <div class=\"content--wrapper\">\n                                                                                                    <div class=\"pxl-item--subtitle pxl-transtion\">News<\/div>\n                                                                                                                                                    <h1 class=\"pxl-item--title el-empty pxl-transtion\">\n                                                    Latest news                                                    <\/h1>\n                                                                                                                                                    <p class=\"pxl-item--desc el-empty pxl-transtion\">Well over 6000 control systems and devices delivered worldwide speak for themselves. We design customised solutions for every system.<\/p>\n                                                                                                <div class=\"pxl-item--link\">\n                                                                                                                                                        <\/div>\n                                            <\/div>\n                                        <\/div>\n                                    <\/div>\n                                <\/div>\n                                                                   <div class=\"mask--content\" style=\"background-image: url(https:\/\/bikotronic.de\/wp-content\/uploads\/2025\/01\/bikotronic-banner-02.jpg);\"><\/div>\n                                                          <\/div>\n                       <\/div>\n                                  <\/div>\n           <\/div>\n                               <div class=\"pxl-swiper-arrow-wrap style-5\">\n                <div class=\"pxl-swiper-arrow pxl-swiper-arrow-prev\"><i class=\"far fa-arrow-left rtl-icon\"><\/i><\/div>\n                <div class=\"pxl-swiper-arrow pxl-swiper-arrow-next\"><i class=\"far fa-arrow-right rtl-icon\"><\/i><\/div>\n            <\/div>\n            <\/div>\n<\/div>\n\t\t\t\t<\/div>\n\t\t\t\t<\/div>\n\t\t            <\/div>\r\n        <\/div>\r\n        \t\t\t<\/div>\n\t\t<\/section>\n\t\t        <section class=\"elementor-section elementor-top-section elementor-element elementor-element-46b002e elementor-section-stretched elementor-section-boxed elementor-section-height-default elementor-section-height-default pxl-row-scroll-none pxl-zoom-point-false pxl-section-overflow-visible pxl-section-fix-none pxl-bg-color-none pxl-section-overlay-none\" data-id=\"46b002e\" data-element_type=\"section\" data-settings=\"{&quot;stretch_section&quot;:&quot;section-stretched&quot;,&quot;background_background&quot;:&quot;classic&quot;}\">\n\n                \n                <div class=\"elementor-container elementor-column-gap-extended\">\n                <div class=\"elementor-column elementor-col-100 elementor-top-column elementor-element elementor-element-da98bb0 pxl-column-none pxl-column-overflow-hidden-no\" data-id=\"da98bb0\" data-element_type=\"column\">\r\n        <div class=\"elementor-widget-wrap elementor-element-populated\">\r\n                     \r\n        \t\t<div class=\"elementor-element elementor-element-59263ce elementor-widget elementor-widget-pxl_heading\" data-id=\"59263ce\" data-element_type=\"widget\" data-widget_type=\"pxl_heading.default\">\n\t\t\t\t<div class=\"elementor-widget-container\">\n\t\t\t\t\t\n<div id=\"pxl-pxl_heading-59263ce-4334\" class=\"pxl-heading px-sub-title-dot-style\">\n\t<div class=\"pxl-heading--inner\">\n\t\t\t\t\t<div class=\"pxl-item--subtitle px-sub-title-dot\" data-wow-delay=\"ms\">\n\t\t\t\t<span class=\"pxl-item--subtext\">\n\t\t\t\t\t\t\t\t\t\tLatest news\t\t\t\t<\/span>\n\t\t\t<\/div>\n\t\t\n\t\t\t<h2 class=\"pxl-item--title style-default highlight-default\" data-wow-delay=\"ms\">\n\t\t\t\t\t\t\tEverything you need to know\t\n\t\t\t\t\n\t\t<\/h2>\n\t<\/div>\n<\/div> \t\t\t\t<\/div>\n\t\t\t\t<\/div>\n\t\t\t\t<div class=\"elementor-element elementor-element-ce69f49 elementor-widget elementor-widget-pxl_text_editor\" data-id=\"ce69f49\" data-element_type=\"widget\" data-widget_type=\"pxl_text_editor.default\">\n\t\t\t\t<div class=\"elementor-widget-container\">\n\t\t\t\t\t<div class=\"pxl-text-editor\">\n\t<div class=\"pxl-item--inner\" data-wow-delay=\"ms\">\n\t\t<p>Stay up to date with the latest developments and innovative solutions from Bikotronic! On our news page you can find out everything you need to know - from current projects to exciting technology trends.<\/p>\t\t\n\t<\/div>\n<\/div>\t\t\t\t<\/div>\n\t\t\t\t<\/div>\n\t\t            <\/div>\r\n        <\/div>\r\n        \t\t\t<\/div>\n\t\t<\/section>\n\t\t        <section class=\"elementor-section elementor-top-section elementor-element elementor-element-90cb6a8 elementor-hidden-desktop elementor-hidden-tablet elementor-hidden-mobile elementor-section-boxed elementor-section-height-default elementor-section-height-default pxl-row-scroll-none pxl-zoom-point-false pxl-section-overflow-visible pxl-section-fix-none pxl-bg-color-none pxl-section-overlay-none\" data-id=\"90cb6a8\" data-element_type=\"section\">\n\n                \n                <div class=\"elementor-container elementor-column-gap-default\">\n                <div class=\"elementor-column elementor-col-33 elementor-top-column elementor-element elementor-element-7af63fe elementor-hidden-tablet elementor-hidden-mobile pxl-column-none pxl-column-overflow-hidden-no\" data-id=\"7af63fe\" data-element_type=\"column\">\r\n        <div class=\"elementor-widget-wrap\">\r\n                     \r\n                    <\/div>\r\n        <\/div>\r\n                <div class=\"elementor-column elementor-col-33 elementor-top-column elementor-element elementor-element-0861c40 pxl-column-none pxl-column-overflow-hidden-no\" data-id=\"0861c40\" data-element_type=\"column\">\r\n        <div class=\"elementor-widget-wrap elementor-element-populated\">\r\n                     \r\n        \t\t<div class=\"elementor-element elementor-element-262e9d5 elementor-widget elementor-widget-image\" data-id=\"262e9d5\" data-element_type=\"widget\" data-widget_type=\"image.default\">\n\t\t\t\t<div class=\"elementor-widget-container\">\n\t\t\t\t\t\t\t\t\t\t\t\t\t\t\t\t<a href=\"https:\/\/exhibitors.bauma.de\/firma\/1380606\" target=\"_blank\">\n\t\t\t\t\t\t\t<img fetchpriority=\"high\" decoding=\"async\" width=\"1080\" height=\"1080\" src=\"https:\/\/bikotronic.de\/wp-content\/uploads\/2025\/01\/1.png\" class=\"attachment-full size-full wp-image-17414\" alt=\"Bauma Banner\" srcset=\"https:\/\/bikotronic.de\/wp-content\/uploads\/2025\/01\/1.png 1080w, https:\/\/bikotronic.de\/wp-content\/uploads\/2025\/01\/1-300x300.png 300w, https:\/\/bikotronic.de\/wp-content\/uploads\/2025\/01\/1-1024x1024.png 1024w, https:\/\/bikotronic.de\/wp-content\/uploads\/2025\/01\/1-150x150.png 150w, https:\/\/bikotronic.de\/wp-content\/uploads\/2025\/01\/1-768x768.png 768w, https:\/\/bikotronic.de\/wp-content\/uploads\/2025\/01\/1-12x12.png 12w, https:\/\/bikotronic.de\/wp-content\/uploads\/2025\/01\/1-710x710.png 710w, https:\/\/bikotronic.de\/wp-content\/uploads\/2025\/01\/1-600x600.png 600w\" sizes=\"(max-width: 1080px) 100vw, 1080px\" \/>\t\t\t\t\t\t\t\t<\/a>\n\t\t\t\t\t\t\t\t\t\t\t\t\t\t\t<\/div>\n\t\t\t\t<\/div>\n\t\t\t\t<div class=\"elementor-element elementor-element-c5f3ba7 elementor-widget__width-inherit elementor-widget elementor-widget-pxl_button\" data-id=\"c5f3ba7\" data-element_type=\"widget\" data-widget_type=\"pxl_button.default\">\n\t\t\t\t<div class=\"elementor-widget-container\">\n\t\t\t\t\t<div id=\"pxl-pxl_button-c5f3ba7-5395\" class=\"pxl-button pxl-atc-link\" data-wow-delay=\"ms\">\r\n    <a href=\"https:\/\/exhibitors.bauma.de\/firma\/1380606\" target=\"_blank\" class=\"btn pxl-icon-active  btn-default  full-2 pxl-icon--right\" data-wow-delay=\"ms\" data-target=\".pxl-page-popup-template-0\">\r\n        <i aria-hidden=\"true\" class=\"far fa-arrow-right\"><\/i>        <span class=\"pxl--btn-text\" data-text=\"Mehr erfahren\">\r\n            Learn more        <\/span>\r\n            <\/a>\r\n<\/div>\t\t\t\t<\/div>\n\t\t\t\t<\/div>\n\t\t            <\/div>\r\n        <\/div>\r\n                <div class=\"elementor-column elementor-col-33 elementor-top-column elementor-element elementor-element-5f27e53 elementor-hidden-tablet elementor-hidden-mobile pxl-column-none pxl-column-overflow-hidden-no\" data-id=\"5f27e53\" data-element_type=\"column\">\r\n        <div class=\"elementor-widget-wrap\">\r\n                     \r\n                    <\/div>\r\n        <\/div>\r\n        \t\t\t<\/div>\n\t\t<\/section>\n\t\t\t\t<\/div>","protected":false},"excerpt":{"rendered":"<p>News Neuigkeiten Weit mehr als 6000 weltweit ausgelieferte Steuerungssysteme und Ger\u00e4te sprechen f\u00fcr sich. Wir konzipieren auf jede Anlage individuell zugeschnittene L\u00f6sungen. Neuigkeiten Alles was Sie wissen m\u00fcssen Bleiben Sie stets informiert mit den neuesten Entwicklungen und innovativen L\u00f6sungen von Bikotronic! Auf unserer News-Seite erfahren Sie alles, was Sie wissen m\u00fcssen \u2013 von aktuellen Projekten [&hellip;]<\/p>","protected":false},"author":1,"featured_media":0,"parent":0,"menu_order":0,"comment_status":"closed","ping_status":"closed","template":"elementor_header_footer","meta":{"footnotes":""},"class_list":["post-15236","page","type-page","status-publish","hentry"],"yoast_head":"<!-- This site is optimized with the Yoast SEO plugin v23.2 - https:\/\/yoast.com\/wordpress\/plugins\/seo\/ -->\n<title>Bikotronic Industrie-Elektronik: Neuigkeiten und Innovationen<\/title>\n<meta name=\"description\" content=\"Auf unserer News-Seite finden Sie aktuelle Projekte, innovative L\u00f6sungen und spannende Technologietrends von Bikotronic.\" \/>\n<meta name=\"robots\" content=\"index, follow, max-snippet:-1, max-image-preview:large, max-video-preview:-1\" \/>\n<link rel=\"canonical\" href=\"https:\/\/bikotronic.de\/en\/news\/\" \/>\n<meta property=\"og:locale\" content=\"en_GB\" \/>\n<meta property=\"og:type\" content=\"article\" \/>\n<meta property=\"og:title\" content=\"Bikotronic Industrie-Elektronik: Neuigkeiten und Innovationen\" \/>\n<meta property=\"og:description\" content=\"Auf unserer News-Seite finden Sie aktuelle Projekte, innovative L\u00f6sungen und spannende Technologietrends von Bikotronic.\" \/>\n<meta property=\"og:url\" content=\"https:\/\/bikotronic.de\/en\/news\/\" \/>\n<meta property=\"og:site_name\" content=\"Bikotronic\" \/>\n<meta property=\"article:modified_time\" content=\"2025-04-28T08:45:52+00:00\" \/>\n<meta property=\"og:image\" content=\"https:\/\/bikotronic.de\/wp-content\/uploads\/2025\/01\/1.png\" \/>\n<meta name=\"twitter:card\" content=\"summary_large_image\" \/>\n<meta name=\"twitter:label1\" content=\"Estimated reading time\" \/>\n\t<meta name=\"twitter:data1\" content=\"1 minute\" \/>\n<script type=\"application\/ld+json\" class=\"yoast-schema-graph\">{\"@context\":\"https:\/\/schema.org\",\"@graph\":[{\"@type\":\"WebPage\",\"@id\":\"https:\/\/bikotronic.de\/news\/\",\"url\":\"https:\/\/bikotronic.de\/news\/\",\"name\":\"Bikotronic Industrie-Elektronik: Neuigkeiten und Innovationen\",\"isPartOf\":{\"@id\":\"https:\/\/bikotronic.de\/#website\"},\"primaryImageOfPage\":{\"@id\":\"https:\/\/bikotronic.de\/news\/#primaryimage\"},\"image\":{\"@id\":\"https:\/\/bikotronic.de\/news\/#primaryimage\"},\"thumbnailUrl\":\"https:\/\/bikotronic.de\/wp-content\/uploads\/2025\/01\/1.png\",\"datePublished\":\"2024-09-03T07:47:40+00:00\",\"dateModified\":\"2025-04-28T08:45:52+00:00\",\"description\":\"Auf unserer News-Seite finden Sie aktuelle Projekte, innovative L\u00f6sungen und spannende Technologietrends von Bikotronic.\",\"breadcrumb\":{\"@id\":\"https:\/\/bikotronic.de\/news\/#breadcrumb\"},\"inLanguage\":\"en-GB\",\"potentialAction\":[{\"@type\":\"ReadAction\",\"target\":[\"https:\/\/bikotronic.de\/news\/\"]}]},{\"@type\":\"ImageObject\",\"inLanguage\":\"en-GB\",\"@id\":\"https:\/\/bikotronic.de\/news\/#primaryimage\",\"url\":\"https:\/\/bikotronic.de\/wp-content\/uploads\/2025\/01\/1.png\",\"contentUrl\":\"https:\/\/bikotronic.de\/wp-content\/uploads\/2025\/01\/1.png\"},{\"@type\":\"BreadcrumbList\",\"@id\":\"https:\/\/bikotronic.de\/news\/#breadcrumb\",\"itemListElement\":[{\"@type\":\"ListItem\",\"position\":1,\"name\":\"Startseite\",\"item\":\"https:\/\/bikotronic.de\/\"},{\"@type\":\"ListItem\",\"position\":2,\"name\":\"News\"}]},{\"@type\":\"WebSite\",\"@id\":\"https:\/\/bikotronic.de\/#website\",\"url\":\"https:\/\/bikotronic.de\/\",\"name\":\"Bikotronic\",\"description\":\"Industrie-Elektronik GmbH\",\"potentialAction\":[{\"@type\":\"SearchAction\",\"target\":{\"@type\":\"EntryPoint\",\"urlTemplate\":\"https:\/\/bikotronic.de\/?s={search_term_string}\"},\"query-input\":\"required name=search_term_string\"}],\"inLanguage\":\"en-GB\"}]}<\/script>\n<!-- \/ Yoast SEO plugin. -->","yoast_head_json":{"title":"Bikotronic Industrie-Elektronik: Neuigkeiten und Innovationen","description":"Auf unserer News-Seite finden Sie aktuelle Projekte, innovative L\u00f6sungen und spannende Technologietrends von Bikotronic.","robots":{"index":"index","follow":"follow","max-snippet":"max-snippet:-1","max-image-preview":"max-image-preview:large","max-video-preview":"max-video-preview:-1"},"canonical":"https:\/\/bikotronic.de\/en\/news\/","og_locale":"en_GB","og_type":"article","og_title":"Bikotronic Industrie-Elektronik: Neuigkeiten und Innovationen","og_description":"Auf unserer News-Seite finden Sie aktuelle Projekte, innovative L\u00f6sungen und spannende Technologietrends von Bikotronic.","og_url":"https:\/\/bikotronic.de\/en\/news\/","og_site_name":"Bikotronic","article_modified_time":"2025-04-28T08:45:52+00:00","og_image":[{"url":"https:\/\/bikotronic.de\/wp-content\/uploads\/2025\/01\/1.png"}],"twitter_card":"summary_large_image","twitter_misc":{"Estimated reading time":"1 minute"},"schema":{"@context":"https:\/\/schema.org","@graph":[{"@type":"WebPage","@id":"https:\/\/bikotronic.de\/news\/","url":"https:\/\/bikotronic.de\/news\/","name":"Bikotronic Industrie-Elektronik: Neuigkeiten und Innovationen","isPartOf":{"@id":"https:\/\/bikotronic.de\/#website"},"primaryImageOfPage":{"@id":"https:\/\/bikotronic.de\/news\/#primaryimage"},"image":{"@id":"https:\/\/bikotronic.de\/news\/#primaryimage"},"thumbnailUrl":"https:\/\/bikotronic.de\/wp-content\/uploads\/2025\/01\/1.png","datePublished":"2024-09-03T07:47:40+00:00","dateModified":"2025-04-28T08:45:52+00:00","description":"Auf unserer News-Seite finden Sie aktuelle Projekte, innovative L\u00f6sungen und spannende Technologietrends von Bikotronic.","breadcrumb":{"@id":"https:\/\/bikotronic.de\/news\/#breadcrumb"},"inLanguage":"en-GB","potentialAction":[{"@type":"ReadAction","target":["https:\/\/bikotronic.de\/news\/"]}]},{"@type":"ImageObject","inLanguage":"en-GB","@id":"https:\/\/bikotronic.de\/news\/#primaryimage","url":"https:\/\/bikotronic.de\/wp-content\/uploads\/2025\/01\/1.png","contentUrl":"https:\/\/bikotronic.de\/wp-content\/uploads\/2025\/01\/1.png"},{"@type":"BreadcrumbList","@id":"https:\/\/bikotronic.de\/news\/#breadcrumb","itemListElement":[{"@type":"ListItem","position":1,"name":"Startseite","item":"https:\/\/bikotronic.de\/"},{"@type":"ListItem","position":2,"name":"News"}]},{"@type":"WebSite","@id":"https:\/\/bikotronic.de\/#website","url":"https:\/\/bikotronic.de\/","name":"Bikotronic","description":"Industrie-Elektronik GmbH","potentialAction":[{"@type":"SearchAction","target":{"@type":"EntryPoint","urlTemplate":"https:\/\/bikotronic.de\/?s={search_term_string}"},"query-input":"required name=search_term_string"}],"inLanguage":"en-GB"}]}},"_links":{"self":[{"href":"https:\/\/bikotronic.de\/en\/wp-json\/wp\/v2\/pages\/15236","targetHints":{"allow":["GET"]}}],"collection":[{"href":"https:\/\/bikotronic.de\/en\/wp-json\/wp\/v2\/pages"}],"about":[{"href":"https:\/\/bikotronic.de\/en\/wp-json\/wp\/v2\/types\/page"}],"author":[{"embeddable":true,"href":"https:\/\/bikotronic.de\/en\/wp-json\/wp\/v2\/users\/1"}],"replies":[{"embeddable":true,"href":"https:\/\/bikotronic.de\/en\/wp-json\/wp\/v2\/comments?post=15236"}],"version-history":[{"count":88,"href":"https:\/\/bikotronic.de\/en\/wp-json\/wp\/v2\/pages\/15236\/revisions"}],"predecessor-version":[{"id":19203,"href":"https:\/\/bikotronic.de\/en\/wp-json\/wp\/v2\/pages\/15236\/revisions\/19203"}],"wp:attachment":[{"href":"https:\/\/bikotronic.de\/en\/wp-json\/wp\/v2\/media?parent=15236"}],"curies":[{"name":"wp","href":"https:\/\/api.w.org\/{rel}","templated":true}]}}