{"id":14758,"date":"2024-08-12T13:59:34","date_gmt":"2024-08-12T11:59:34","guid":{"rendered":"https:\/\/bikotronic.de\/?page_id=14758"},"modified":"2025-04-14T11:57:11","modified_gmt":"2025-04-14T09:57:11","slug":"kontakt","status":"publish","type":"page","link":"https:\/\/bikotronic.de\/es\/kontakt\/","title":{"rendered":"Contacto"},"content":{"rendered":"<div data-elementor-type=\"wp-page\" data-elementor-id=\"14758\" class=\"elementor elementor-14758\" data-elementor-post-type=\"page\">\n\t\t\t\t        <section class=\"elementor-section elementor-top-section elementor-element elementor-element-884d333 elementor-section-full_width elementor-section-stretched pxl-bg-color-full elementor-section-height-default elementor-section-height-default pxl-row-scroll-none pxl-zoom-point-false pxl-section-overflow-visible pxl-section-fix-none pxl-full-content-with-space-none pxl-section-overlay-none\" data-id=\"884d333\" data-element_type=\"section\" data-settings=\"{&quot;stretch_section&quot;:&quot;section-stretched&quot;}\">\n\n                \n        <div class=\"pxl-section-overlay-color overlay-type-full\" data-space-top=\"\" data-space-left=\"\" data-space-right=\"\" data-space-bottom=\"\" data-radius-top=\"\" data-radius-right=\"\" data-radius-bottom=\"\" data-radius-left=\"\"><\/div>        <div class=\"elementor-container elementor-column-gap-no\">\n                <div class=\"elementor-column elementor-col-100 elementor-top-column elementor-element elementor-element-e9c6497 pxl-column-none pxl-column-overflow-hidden-no\" data-id=\"e9c6497\" data-element_type=\"column\">\r\n        <div class=\"elementor-widget-wrap elementor-element-populated\">\r\n                     \r\n        \t\t<div class=\"elementor-element elementor-element-12b1e8e elementor-widget elementor-widget-pxl_slider_carousel\" data-id=\"12b1e8e\" data-element_type=\"widget\" data-widget_type=\"pxl_slider_carousel.default\">\n\t\t\t\t<div class=\"elementor-widget-container\">\n\t\t\t\t\t    <div class=\"pxl-swiper-slider pxl-slider-carousel pxl-slider-carousel1 pxl-drag-area pxl-parent-transition pxl-parent-cursor pxl-swiper-arrow-show pxl-show-arrow\" data-view-auto=\"1\">\n        <div class=\"pxl-carousel-inner\">\n            <div class=\"pxl-swiper-container\" dir=\"ltr\" data-settings=\"{&quot;slide_direction&quot;:&quot;horizontal&quot;,&quot;slide_percolumn&quot;:&quot;1&quot;,&quot;slide_mode&quot;:&quot;slide&quot;,&quot;slides_to_show&quot;:1,&quot;slides_to_show_xxl&quot;:1,&quot;slides_to_show_lg&quot;:1,&quot;slides_to_show_md&quot;:1,&quot;slides_to_show_sm&quot;:1,&quot;slides_to_show_xs&quot;:1,&quot;slides_to_scroll&quot;:1,&quot;arrow&quot;:true,&quot;pagination&quot;:true,&quot;pagination_type&quot;:&quot;bullets&quot;,&quot;autoplay&quot;:false,&quot;pause_on_hover&quot;:false,&quot;pause_on_interaction&quot;:&quot;true&quot;,&quot;delay&quot;:5000,&quot;loop&quot;:true,&quot;center&quot;:0,&quot;speed&quot;:1200,&quot;parallax&quot;:&quot;true&quot;}\">\n                <div class=\"pxl-swiper-wrapper\">\n                                            <div class=\"pxl-swiper-slide\">\n                            <div class=\"swiper-slide-inner\" data-swiper-parallax=\"50%\">\n                                <div class=\"pxl-item--inner\" data-wow-delay=\"ms\">\n                                    <div class=\"pxl-item--content\">\n                                        <div class=\"content--inner\">\n                                            <div class=\"content--wrapper\">\n                                                                                                    <div class=\"pxl-item--subtitle pxl-transtion\">Contacto<\/div>\n                                                                                                                                                    <h1 class=\"pxl-item--title el-empty pxl-transtion\">\n                                                    Contacto                                                    <\/h1>\n                                                                                                                                                    <p class=\"pxl-item--desc el-empty pxl-transtion\">M\u00e1s de 6000 sistemas de control y dispositivos suministrados en todo el mundo hablan por s\u00ed solos. Dise\u00f1amos soluciones personalizadas para cada sistema.<\/p>\n                                                                                                <div class=\"pxl-item--link\">\n                                                                                                                                                        <\/div>\n                                            <\/div>\n                                        <\/div>\n                                    <\/div>\n                                <\/div>\n                                                                   <div class=\"mask--content\" style=\"background-image: url(https:\/\/bikotronic.de\/wp-content\/uploads\/2025\/01\/bikotronic-banner-02.jpg);\"><\/div>\n                                                          <\/div>\n                       <\/div>\n                                  <\/div>\n           <\/div>\n                               <div class=\"pxl-swiper-arrow-wrap style-5\">\n                <div class=\"pxl-swiper-arrow pxl-swiper-arrow-prev\"><i class=\"far fa-arrow-left rtl-icon\"><\/i><\/div>\n                <div class=\"pxl-swiper-arrow pxl-swiper-arrow-next\"><i class=\"far fa-arrow-right rtl-icon\"><\/i><\/div>\n            <\/div>\n            <\/div>\n<\/div>\n\t\t\t\t<\/div>\n\t\t\t\t<\/div>\n\t\t            <\/div>\r\n        <\/div>\r\n        \t\t\t<\/div>\n\t\t<\/section>\n\t\t        <section class=\"elementor-section elementor-top-section elementor-element elementor-element-55776c0 elementor-section-stretched elementor-section-boxed elementor-section-height-default elementor-section-height-default pxl-row-scroll-none pxl-zoom-point-false pxl-section-overflow-visible pxl-section-fix-none pxl-bg-color-none pxl-section-overlay-none\" data-id=\"55776c0\" data-element_type=\"section\" data-settings=\"{&quot;stretch_section&quot;:&quot;section-stretched&quot;,&quot;background_background&quot;:&quot;classic&quot;}\">\n\n                \n                <div class=\"elementor-container elementor-column-gap-extended\">\n                <div class=\"elementor-column elementor-col-100 elementor-top-column elementor-element elementor-element-d5aa328 pxl-column-none pxl-column-overflow-hidden-no\" data-id=\"d5aa328\" data-element_type=\"column\">\r\n        <div class=\"elementor-widget-wrap elementor-element-populated\">\r\n                     \r\n                <section class=\"elementor-section elementor-inner-section elementor-element elementor-element-06aff90 elementor-section-content-middle elementor-section-full_width elementor-section-height-default elementor-section-height-default pxl-row-scroll-none pxl-zoom-point-false pxl-section-overflow-visible pxl-section-fix-none pxl-full-content-with-space-none pxl-bg-color-none pxl-section-overlay-none\" data-id=\"06aff90\" data-element_type=\"section\" data-settings=\"{&quot;background_background&quot;:&quot;classic&quot;}\">\n\n                \n                <div class=\"elementor-container elementor-column-gap-extended\">\n                <div class=\"elementor-column elementor-col-50 elementor-inner-column elementor-element elementor-element-f27f924 pxl-column-none pxl-column-overflow-hidden-no\" data-id=\"f27f924\" data-element_type=\"column\">\r\n        <div class=\"elementor-widget-wrap elementor-element-populated\">\r\n                     \r\n        \t\t<div class=\"elementor-element elementor-element-c54eb26 elementor-widget elementor-widget-pxl_heading\" data-id=\"c54eb26\" data-element_type=\"widget\" data-widget_type=\"pxl_heading.default\">\n\t\t\t\t<div class=\"elementor-widget-container\">\n\t\t\t\t\t\n<div id=\"pxl-pxl_heading-c54eb26-1067\" class=\"pxl-heading px-sub-title-dot-style\">\n\t<div class=\"pxl-heading--inner\">\n\t\t\t\t\t<div class=\"pxl-item--subtitle px-sub-title-dot\" data-wow-delay=\"ms\">\n\t\t\t\t<span class=\"pxl-item--subtext\">\n\t\t\t\t\t\t\t\t\t\tContacto\t\t\t\t<\/span>\n\t\t\t<\/div>\n\t\t\n\t\t\t<h2 class=\"pxl-item--title style-default highlight-default\" data-wow-delay=\"ms\">\n\t\t\t\t\t\t\tP\u00f3ngase en contacto con nosotros\t\n\t\t\t\t\n\t\t<\/h2>\n\t<\/div>\n<\/div> \t\t\t\t<\/div>\n\t\t\t\t<\/div>\n\t\t\t\t<div class=\"elementor-element elementor-element-4a651cf elementor-widget elementor-widget-pxl_text_editor\" data-id=\"4a651cf\" data-element_type=\"widget\" data-widget_type=\"pxl_text_editor.default\">\n\t\t\t\t<div class=\"elementor-widget-container\">\n\t\t\t\t\t<div class=\"pxl-text-editor\">\n\t<div class=\"pxl-item--inner\" data-wow-delay=\"ms\">\n\t\t<p>Si tiene alguna pregunta, necesita m\u00e1s informaci\u00f3n o desea concertar una cita, estaremos encantados de ayudarle. Utilice nuestras opciones de contacto para ponerse en contacto directamente con nuestro equipo.<\/p>\t\t\n\t<\/div>\n<\/div>\t\t\t\t<\/div>\n\t\t\t\t<\/div>\n\t\t\t\t<div class=\"elementor-element elementor-element-8ff107a elementor-widget elementor-widget-pxl_text_editor\" data-id=\"8ff107a\" data-element_type=\"widget\" data-widget_type=\"pxl_text_editor.default\">\n\t\t\t\t<div class=\"elementor-widget-container\">\n\t\t\t\t\t<div class=\"pxl-text-editor\">\n\t<div class=\"pxl-item--inner\" data-wow-delay=\"ms\">\n\t\t<p><a href=\"tel: 49 6326 96530\">+49 6326 96530<\/a><\/p>\t\t\n\t<\/div>\n<\/div>\t\t\t\t<\/div>\n\t\t\t\t<\/div>\n\t\t\t\t<div class=\"elementor-element elementor-element-cee0c0a elementor-widget__width-auto elementor-widget elementor-widget-pxl_heading\" data-id=\"cee0c0a\" data-element_type=\"widget\" data-widget_type=\"pxl_heading.default\">\n\t\t\t\t<div class=\"elementor-widget-container\">\n\t\t\t\t\t\n<div id=\"pxl-pxl_heading-cee0c0a-6895\" class=\"pxl-heading px-sub-title-default-style\">\n\t<div class=\"pxl-heading--inner\">\n\t\t\t\t\t<div class=\"pxl-item--subtitle px-sub-title-default\" data-wow-delay=\"ms\">\n\t\t\t\t<span class=\"pxl-item--subtext\">\n\t\t\t\t\t\t\t\t\t\t Im Hohen Acker 7\t\t\t\t<\/span>\n\t\t\t<\/div>\n\t\t\n\t\t\t<h3 class=\"pxl-item--title style-default highlight-default\" data-wow-delay=\"ms\">\n\t\t\t\t\t\t\t\n67146 Deidesheim\t\n\t\t\t\t\n\t\t<\/h3>\n\t<\/div>\n<\/div> \t\t\t\t<\/div>\n\t\t\t\t<\/div>\n\t\t\t\t<div class=\"elementor-element elementor-element-85cbad8 elementor-widget__width-auto elementor-widget elementor-widget-pxl_heading\" data-id=\"85cbad8\" data-element_type=\"widget\" data-widget_type=\"pxl_heading.default\">\n\t\t\t\t<div class=\"elementor-widget-container\">\n\t\t\t\t\t\n<div id=\"pxl-pxl_heading-85cbad8-5349\" class=\"pxl-heading px-sub-title-default-style\">\n\t<div class=\"pxl-heading--inner\">\n\t\t\t\t\t<div class=\"pxl-item--subtitle px-sub-title-default\" data-wow-delay=\"ms\">\n\t\t\t\t<span class=\"pxl-item--subtext\">\n\t\t\t\t\t\t\t\t\t\tEscr\u00edbanos\t\t\t\t<\/span>\n\t\t\t<\/div>\n\t\t\n\t\t\t<h3 class=\"pxl-item--title style-default highlight-default\" data-wow-delay=\"ms\">\n\t\t\t\t\t\t\tinfo(at)bikotronic.de\t\n\t\t\t\t\n\t\t<\/h3>\n\t<\/div>\n<\/div> \t\t\t\t<\/div>\n\t\t\t\t<\/div>\n\t\t            <\/div>\r\n        <\/div>\r\n                <div class=\"elementor-column elementor-col-50 elementor-inner-column elementor-element elementor-element-a726f1f pxl-column-none pxl-column-overflow-hidden-no\" data-id=\"a726f1f\" data-element_type=\"column\">\r\n        <div class=\"elementor-widget-wrap elementor-element-populated\">\r\n                     \r\n        \t\t<div class=\"elementor-element elementor-element-3968150 elementor-widget elementor-widget-text-editor\" data-id=\"3968150\" data-element_type=\"widget\" data-widget_type=\"text-editor.default\">\n\t\t\t\t<div class=\"elementor-widget-container\">\n\t\t\t\t\t\t\t\t\t<p>*Campos obligatorios<\/p>\t\t\t\t\t\t\t\t<\/div>\n\t\t\t\t<\/div>\n\t\t\t\t<div class=\"elementor-element elementor-element-a8ab9a6 elementor-button-align-stretch elementor-widget elementor-widget-form\" data-id=\"a8ab9a6\" data-element_type=\"widget\" data-settings=\"{&quot;step_next_label&quot;:&quot;N\\u00e4chster&quot;,&quot;step_previous_label&quot;:&quot;Voriger&quot;,&quot;button_width&quot;:&quot;100&quot;,&quot;step_type&quot;:&quot;number_text&quot;,&quot;step_icon_shape&quot;:&quot;circle&quot;}\" data-widget_type=\"form.default\">\n\t\t\t\t<div class=\"elementor-widget-container\">\n\t\t\t\t\t\t\t<form class=\"elementor-form\" method=\"post\" name=\"Neues Formular\" action=\"\">\n\t\t\t<input type=\"hidden\" name=\"post_id\" value=\"14758\"\/>\n\t\t\t<input type=\"hidden\" name=\"form_id\" value=\"a8ab9a6\"\/>\n\t\t\t<input type=\"hidden\" name=\"referer_title\" value=\"Bikotronic\" \/>\n\n\t\t\t\n\t\t\t<div class=\"elementor-form-fields-wrapper elementor-labels-\">\n\t\t\t\t\t\t\t\t<div class=\"elementor-field-type-text elementor-field-group elementor-column elementor-field-group-name elementor-col-50 elementor-field-required\">\n\t\t\t\t\t\t\t\t\t\t\t\t<label for=\"form-field-name\" class=\"elementor-field-label elementor-screen-only\">\n\t\t\t\t\t\t\t\tNombre\t\t\t\t\t\t\t<\/label>\n\t\t\t\t\t\t\t\t\t\t\t\t\t\t<input size=\"1\" type=\"text\" name=\"form_fields[name]\" id=\"form-field-name\" class=\"elementor-field elementor-size-sm  elementor-field-textual\" placeholder=\"Nombre\" required=\"required\" aria-required=\"true\">\n\t\t\t\t\t\t\t\t\t\t\t<\/div>\n\t\t\t\t\t\t\t\t<div class=\"elementor-field-type-text elementor-field-group elementor-column elementor-field-group-field_c3e9737 elementor-col-50 elementor-field-required\">\n\t\t\t\t\t\t\t\t\t\t\t\t<label for=\"form-field-field_c3e9737\" class=\"elementor-field-label elementor-screen-only\">\n\t\t\t\t\t\t\t\tNombre\t\t\t\t\t\t\t<\/label>\n\t\t\t\t\t\t\t\t\t\t\t\t\t\t<input size=\"1\" type=\"text\" name=\"form_fields[field_c3e9737]\" id=\"form-field-field_c3e9737\" class=\"elementor-field elementor-size-sm  elementor-field-textual\" placeholder=\"Nombre\" required=\"required\" aria-required=\"true\">\n\t\t\t\t\t\t\t\t\t\t\t<\/div>\n\t\t\t\t\t\t\t\t<div class=\"elementor-field-type-email elementor-field-group elementor-column elementor-field-group-email elementor-col-50 elementor-field-required\">\n\t\t\t\t\t\t\t\t\t\t\t\t<label for=\"form-field-email\" class=\"elementor-field-label elementor-screen-only\">\n\t\t\t\t\t\t\t\tCorreo electr\u00f3nico\t\t\t\t\t\t\t<\/label>\n\t\t\t\t\t\t\t\t\t\t\t\t\t\t<input size=\"1\" type=\"email\" name=\"form_fields[email]\" id=\"form-field-email\" class=\"elementor-field elementor-size-sm  elementor-field-textual\" placeholder=\"Correo electr\u00f3nico\" required=\"required\" aria-required=\"true\">\n\t\t\t\t\t\t\t\t\t\t\t<\/div>\n\t\t\t\t\t\t\t\t<div class=\"elementor-field-type-tel elementor-field-group elementor-column elementor-field-group-field_c283c3a elementor-col-50\">\n\t\t\t\t\t\t\t\t\t\t\t\t<label for=\"form-field-field_c283c3a\" class=\"elementor-field-label elementor-screen-only\">\n\t\t\t\t\t\t\t\tTel\u00e9fono\t\t\t\t\t\t\t<\/label>\n\t\t\t\t\t\t\t\t<input size=\"1\" type=\"tel\" name=\"form_fields[field_c283c3a]\" id=\"form-field-field_c283c3a\" class=\"elementor-field elementor-size-sm  elementor-field-textual\" placeholder=\"Tel\u00e9fono\" pattern=\"[0-9()#&amp;+*-=.]+\" title=\"Solo se aceptan n\u00fameros y caracteres de tel\u00e9fono (#,-,*,etc).\">\n\n\t\t\t\t\t\t<\/div>\n\t\t\t\t\t\t\t\t<div class=\"elementor-field-type-textarea elementor-field-group elementor-column elementor-field-group-message elementor-col-100\">\n\t\t\t\t\t\t\t\t\t\t\t\t<label for=\"form-field-message\" class=\"elementor-field-label elementor-screen-only\">\n\t\t\t\t\t\t\t\tMensaje\t\t\t\t\t\t\t<\/label>\n\t\t\t\t\t\t<textarea class=\"elementor-field-textual elementor-field  elementor-size-sm\" name=\"form_fields[message]\" id=\"form-field-message\" rows=\"4\" placeholder=\"Su mensaje\"><\/textarea>\t\t\t\t<\/div>\n\t\t\t\t\t\t\t\t<div class=\"elementor-field-type-acceptance elementor-field-group elementor-column elementor-field-group-field_239f040 elementor-col-100 elementor-field-required\">\n\t\t\t\t\t\t\t\t\t\t\t\t<label for=\"form-field-field_239f040\" class=\"elementor-field-label elementor-screen-only\">\n\t\t\t\t\t\t\t\tAceptaci\u00f3n\t\t\t\t\t\t\t<\/label>\n\t\t\t\t\t\t\t\t<div class=\"elementor-field-subgroup\">\n\t\t\t<span class=\"elementor-field-option\">\n\t\t\t\t<input type=\"checkbox\" name=\"form_fields[field_239f040]\" id=\"form-field-field_239f040\" class=\"elementor-field elementor-size-sm  elementor-acceptance-field\" required=\"required\" aria-required=\"true\">\n\t\t\t\t<label for=\"form-field-field_239f040\"><b>*Aviso de protecci\u00f3n de datos<\/b><br>\nAcepto el tratamiento de mis datos personales y que Bikotronic se ponga en contacto conmigo por correo electr\u00f3nico y tambi\u00e9n por tel\u00e9fono. Puede encontrar m\u00e1s informaci\u00f3n sobre el uso de datos personales en nuestra <a href=\"https:\/\/bikotronic.de\/es\/datenschutz\/\">Pol\u00edtica de privacidad<\/a>.<\/label>\t\t\t<\/span>\n\t\t<\/div>\n\t\t\t\t\t\t<\/div>\n\t\t\t\t\t\t\t\t<div class=\"elementor-field-group elementor-column elementor-field-type-submit elementor-col-100 e-form__buttons\">\n\t\t\t\t\t<button class=\"elementor-button elementor-size-sm\" type=\"submit\">\n\t\t\t\t\t\t<span class=\"elementor-button-content-wrapper\">\n\t\t\t\t\t\t\t\t\t\t\t\t\t\t\t\t\t\t\t\t\t\t<span class=\"elementor-button-text\">Enviar<\/span>\n\t\t\t\t\t\t\t\t\t\t\t\t\t<\/span>\n\t\t\t\t\t<\/button>\n\t\t\t\t<\/div>\n\t\t\t<\/div>\n\t\t<input\n                    class=\"apbct_special_field apbct_email_id__elementor_form\"\n                    name=\"apbct__email_id__elementor_form\"\n                    aria-label=\"apbct__label_id__elementor_form\"\n                    type=\"text\" size=\"30\" maxlength=\"200\" autocomplete=\"off\"\n                    value=\"\"\n                \/><input type=\"hidden\" name=\"trp-form-language\" value=\"es\"\/><\/form>\n\t\t\t\t\t\t<\/div>\n\t\t\t\t<\/div>\n\t\t            <\/div>\r\n        <\/div>\r\n        \t\t\t<\/div>\n\t\t<\/section>\n\t\t            <\/div>\r\n        <\/div>\r\n        \t\t\t<\/div>\n\t\t<\/section>\n\t\t        <section class=\"elementor-section elementor-top-section elementor-element elementor-element-9123f73 elementor-section-stretched elementor-section-full_width elementor-section-height-default elementor-section-height-default pxl-row-scroll-none pxl-zoom-point-false pxl-section-overflow-visible pxl-section-fix-none pxl-full-content-with-space-none pxl-bg-color-none pxl-section-overlay-none\" data-id=\"9123f73\" data-element_type=\"section\" data-settings=\"{&quot;stretch_section&quot;:&quot;section-stretched&quot;}\">\n\n                \n                <div class=\"elementor-container elementor-column-gap-extended\">\n                <div class=\"elementor-column elementor-col-100 elementor-top-column elementor-element elementor-element-dbb2acb pxl-column-none pxl-column-overflow-hidden-no\" data-id=\"dbb2acb\" data-element_type=\"column\">\r\n        <div class=\"elementor-widget-wrap elementor-element-populated\">\r\n                     \r\n        \t\t<div class=\"elementor-element elementor-element-955045b elementor-widget elementor-widget-google_maps\" data-id=\"955045b\" data-element_type=\"widget\" data-widget_type=\"google_maps.default\">\n\t\t\t\t<div class=\"elementor-widget-container\">\n\t\t\t\t\t\t\t<div class=\"elementor-custom-embed\">\n\t\t\t<iframe loading=\"lazy\"\n\t\t\t\t\tsrc=\"https:\/\/maps.google.com\/maps?q=%2067146%20Deidesheim%20Im%20Hohen%20Acker%207&#038;t=m&#038;z=13&#038;output=embed&#038;iwloc=near\"\n\t\t\t\t\ttitle=\" 67146 Deidesheim Im Hohen Acker 7\"\n\t\t\t\t\taria-label=\"apbct__label_id__elementor_form\"\n\t\t\t><\/iframe>\n\t\t<\/div>\n\t\t\t\t\t\t<\/div>\n\t\t\t\t<\/div>\n\t\t            <\/div>\r\n        <\/div>\r\n        \t\t\t<\/div>\n\t\t<\/section>\n\t\t\t\t<\/div>","protected":false},"excerpt":{"rendered":"<p>Kontakt Kontakt Weit mehr als 6000 weltweit ausgelieferte Steuerungssysteme und Ger\u00e4te sprechen f\u00fcr sich. Wir konzipieren auf jede Anlage individuell zugeschnittene L\u00f6sungen. Kontakt Kontaktieren Sie uns Ob Sie Fragen haben, weitere Informationen ben\u00f6tigen oder einen Termin vereinbaren m\u00f6chten \u2013 wir sind gerne f\u00fcr Sie da. Nutzen Sie unsere Kontaktm\u00f6glichkeiten, um direkt mit unserem Team in [&hellip;]<\/p>","protected":false},"author":1,"featured_media":0,"parent":0,"menu_order":0,"comment_status":"closed","ping_status":"closed","template":"","meta":{"footnotes":""},"class_list":["post-14758","page","type-page","status-publish","hentry"],"yoast_head":"<!-- This site is optimized with the Yoast SEO plugin v23.2 - https:\/\/yoast.com\/wordpress\/plugins\/seo\/ -->\n<title>Wir freuen uns auf Sie! Bikotronic Industrie-Elektronik - Kontakt<\/title>\n<meta name=\"description\" content=\"Nehmen Sie Kontakt zu Bikotronic auf und erfahren Sie mehr \u00fcber unsere individuellen Steuerungsl\u00f6sungen und Automatisierungstechnik.\" \/>\n<meta name=\"robots\" content=\"index, follow, max-snippet:-1, max-image-preview:large, max-video-preview:-1\" \/>\n<link rel=\"canonical\" href=\"https:\/\/bikotronic.de\/es\/kontakt\/\" \/>\n<meta property=\"og:locale\" content=\"es_ES\" \/>\n<meta property=\"og:type\" content=\"article\" \/>\n<meta property=\"og:title\" content=\"Wir freuen uns auf Sie! Bikotronic Industrie-Elektronik - Kontakt\" \/>\n<meta property=\"og:description\" content=\"Nehmen Sie Kontakt zu Bikotronic auf und erfahren Sie mehr \u00fcber unsere individuellen Steuerungsl\u00f6sungen und Automatisierungstechnik.\" \/>\n<meta property=\"og:url\" content=\"https:\/\/bikotronic.de\/es\/kontakt\/\" \/>\n<meta property=\"og:site_name\" content=\"Bikotronic\" \/>\n<meta property=\"article:modified_time\" content=\"2025-04-14T09:57:11+00:00\" \/>\n<meta name=\"twitter:card\" content=\"summary_large_image\" \/>\n<meta name=\"twitter:label1\" content=\"Tiempo de lectura\" \/>\n\t<meta name=\"twitter:data1\" content=\"1 minuto\" \/>\n<script type=\"application\/ld+json\" class=\"yoast-schema-graph\">{\"@context\":\"https:\/\/schema.org\",\"@graph\":[{\"@type\":\"WebPage\",\"@id\":\"https:\/\/bikotronic.de\/kontakt\/\",\"url\":\"https:\/\/bikotronic.de\/kontakt\/\",\"name\":\"Wir freuen uns auf Sie! Bikotronic Industrie-Elektronik - Kontakt\",\"isPartOf\":{\"@id\":\"https:\/\/bikotronic.de\/#website\"},\"datePublished\":\"2024-08-12T11:59:34+00:00\",\"dateModified\":\"2025-04-14T09:57:11+00:00\",\"description\":\"Nehmen Sie Kontakt zu Bikotronic auf und erfahren Sie mehr \u00fcber unsere individuellen Steuerungsl\u00f6sungen und Automatisierungstechnik.\",\"breadcrumb\":{\"@id\":\"https:\/\/bikotronic.de\/kontakt\/#breadcrumb\"},\"inLanguage\":\"es\",\"potentialAction\":[{\"@type\":\"ReadAction\",\"target\":[\"https:\/\/bikotronic.de\/kontakt\/\"]}]},{\"@type\":\"BreadcrumbList\",\"@id\":\"https:\/\/bikotronic.de\/kontakt\/#breadcrumb\",\"itemListElement\":[{\"@type\":\"ListItem\",\"position\":1,\"name\":\"Startseite\",\"item\":\"https:\/\/bikotronic.de\/\"},{\"@type\":\"ListItem\",\"position\":2,\"name\":\"Kontakt\"}]},{\"@type\":\"WebSite\",\"@id\":\"https:\/\/bikotronic.de\/#website\",\"url\":\"https:\/\/bikotronic.de\/\",\"name\":\"Bikotronic\",\"description\":\"Industrie-Elektronik GmbH\",\"potentialAction\":[{\"@type\":\"SearchAction\",\"target\":{\"@type\":\"EntryPoint\",\"urlTemplate\":\"https:\/\/bikotronic.de\/?s={search_term_string}\"},\"query-input\":\"required name=search_term_string\"}],\"inLanguage\":\"es\"}]}<\/script>\n<!-- \/ Yoast SEO plugin. -->","yoast_head_json":{"title":"Wir freuen uns auf Sie! Bikotronic Industrie-Elektronik - Kontakt","description":"Nehmen Sie Kontakt zu Bikotronic auf und erfahren Sie mehr \u00fcber unsere individuellen Steuerungsl\u00f6sungen und Automatisierungstechnik.","robots":{"index":"index","follow":"follow","max-snippet":"max-snippet:-1","max-image-preview":"max-image-preview:large","max-video-preview":"max-video-preview:-1"},"canonical":"https:\/\/bikotronic.de\/es\/kontakt\/","og_locale":"es_ES","og_type":"article","og_title":"Wir freuen uns auf Sie! Bikotronic Industrie-Elektronik - Kontakt","og_description":"Nehmen Sie Kontakt zu Bikotronic auf und erfahren Sie mehr \u00fcber unsere individuellen Steuerungsl\u00f6sungen und Automatisierungstechnik.","og_url":"https:\/\/bikotronic.de\/es\/kontakt\/","og_site_name":"Bikotronic","article_modified_time":"2025-04-14T09:57:11+00:00","twitter_card":"summary_large_image","twitter_misc":{"Tiempo de lectura":"1 minuto"},"schema":{"@context":"https:\/\/schema.org","@graph":[{"@type":"WebPage","@id":"https:\/\/bikotronic.de\/kontakt\/","url":"https:\/\/bikotronic.de\/kontakt\/","name":"Wir freuen uns auf Sie! Bikotronic Industrie-Elektronik - Kontakt","isPartOf":{"@id":"https:\/\/bikotronic.de\/#website"},"datePublished":"2024-08-12T11:59:34+00:00","dateModified":"2025-04-14T09:57:11+00:00","description":"Nehmen Sie Kontakt zu Bikotronic auf und erfahren Sie mehr \u00fcber unsere individuellen Steuerungsl\u00f6sungen und Automatisierungstechnik.","breadcrumb":{"@id":"https:\/\/bikotronic.de\/kontakt\/#breadcrumb"},"inLanguage":"es","potentialAction":[{"@type":"ReadAction","target":["https:\/\/bikotronic.de\/kontakt\/"]}]},{"@type":"BreadcrumbList","@id":"https:\/\/bikotronic.de\/kontakt\/#breadcrumb","itemListElement":[{"@type":"ListItem","position":1,"name":"Startseite","item":"https:\/\/bikotronic.de\/"},{"@type":"ListItem","position":2,"name":"Kontakt"}]},{"@type":"WebSite","@id":"https:\/\/bikotronic.de\/#website","url":"https:\/\/bikotronic.de\/","name":"Bikotronic","description":"Industrie-Elektronik GmbH","potentialAction":[{"@type":"SearchAction","target":{"@type":"EntryPoint","urlTemplate":"https:\/\/bikotronic.de\/?s={search_term_string}"},"query-input":"required name=search_term_string"}],"inLanguage":"es"}]}},"_links":{"self":[{"href":"https:\/\/bikotronic.de\/es\/wp-json\/wp\/v2\/pages\/14758","targetHints":{"allow":["GET"]}}],"collection":[{"href":"https:\/\/bikotronic.de\/es\/wp-json\/wp\/v2\/pages"}],"about":[{"href":"https:\/\/bikotronic.de\/es\/wp-json\/wp\/v2\/types\/page"}],"author":[{"embeddable":true,"href":"https:\/\/bikotronic.de\/es\/wp-json\/wp\/v2\/users\/1"}],"replies":[{"embeddable":true,"href":"https:\/\/bikotronic.de\/es\/wp-json\/wp\/v2\/comments?post=14758"}],"version-history":[{"count":106,"href":"https:\/\/bikotronic.de\/es\/wp-json\/wp\/v2\/pages\/14758\/revisions"}],"predecessor-version":[{"id":19193,"href":"https:\/\/bikotronic.de\/es\/wp-json\/wp\/v2\/pages\/14758\/revisions\/19193"}],"wp:attachment":[{"href":"https:\/\/bikotronic.de\/es\/wp-json\/wp\/v2\/media?parent=14758"}],"curies":[{"name":"wp","href":"https:\/\/api.w.org\/{rel}","templated":true}]}}