{"id":16223,"date":"2024-10-02T08:10:27","date_gmt":"2024-10-02T06:10:27","guid":{"rendered":"https:\/\/bikotronic.de\/?page_id=16223"},"modified":"2025-03-06T10:21:41","modified_gmt":"2025-03-06T09:21:41","slug":"agb","status":"publish","type":"page","link":"https:\/\/bikotronic.de\/it\/agb\/","title":{"rendered":"GTC"},"content":{"rendered":"<div data-elementor-type=\"wp-page\" data-elementor-id=\"16223\" class=\"elementor elementor-16223\" data-elementor-post-type=\"page\">\n\t\t\t\t        <section class=\"elementor-section elementor-top-section elementor-element elementor-element-02f23ce elementor-section-full_width elementor-section-stretched pxl-bg-color-full elementor-section-height-default elementor-section-height-default pxl-row-scroll-none pxl-zoom-point-false pxl-section-overflow-visible pxl-section-fix-none pxl-full-content-with-space-none pxl-section-overlay-none\" data-id=\"02f23ce\" data-element_type=\"section\" data-settings=\"{&quot;stretch_section&quot;:&quot;section-stretched&quot;}\">\n\n                \n        <div class=\"pxl-section-overlay-color overlay-type-full\" data-space-top=\"\" data-space-left=\"\" data-space-right=\"\" data-space-bottom=\"\" data-radius-top=\"\" data-radius-right=\"\" data-radius-bottom=\"\" data-radius-left=\"\"><\/div>        <div class=\"elementor-container elementor-column-gap-no\">\n                <div class=\"elementor-column elementor-col-100 elementor-top-column elementor-element elementor-element-9c0a858 pxl-column-none pxl-column-overflow-hidden-no\" data-id=\"9c0a858\" data-element_type=\"column\">\r\n        <div class=\"elementor-widget-wrap elementor-element-populated\">\r\n                     \r\n        \t\t<div class=\"elementor-element elementor-element-1cc8d10 elementor-widget elementor-widget-pxl_slider_carousel\" data-id=\"1cc8d10\" data-element_type=\"widget\" data-widget_type=\"pxl_slider_carousel.default\">\n\t\t\t\t<div class=\"elementor-widget-container\">\n\t\t\t\t\t    <div class=\"pxl-swiper-slider pxl-slider-carousel pxl-slider-carousel1 pxl-drag-area pxl-parent-transition pxl-parent-cursor pxl-swiper-arrow-show pxl-show-arrow\" data-view-auto=\"1\">\n        <div class=\"pxl-carousel-inner\">\n            <div class=\"pxl-swiper-container\" dir=\"ltr\" data-settings=\"{&quot;slide_direction&quot;:&quot;horizontal&quot;,&quot;slide_percolumn&quot;:&quot;1&quot;,&quot;slide_mode&quot;:&quot;slide&quot;,&quot;slides_to_show&quot;:1,&quot;slides_to_show_xxl&quot;:1,&quot;slides_to_show_lg&quot;:1,&quot;slides_to_show_md&quot;:1,&quot;slides_to_show_sm&quot;:1,&quot;slides_to_show_xs&quot;:1,&quot;slides_to_scroll&quot;:1,&quot;arrow&quot;:true,&quot;pagination&quot;:true,&quot;pagination_type&quot;:&quot;bullets&quot;,&quot;autoplay&quot;:false,&quot;pause_on_hover&quot;:false,&quot;pause_on_interaction&quot;:&quot;true&quot;,&quot;delay&quot;:5000,&quot;loop&quot;:true,&quot;center&quot;:0,&quot;speed&quot;:1200,&quot;parallax&quot;:&quot;true&quot;}\">\n                <div class=\"pxl-swiper-wrapper\">\n                                            <div class=\"pxl-swiper-slide\">\n                            <div class=\"swiper-slide-inner\" data-swiper-parallax=\"50%\">\n                                <div class=\"pxl-item--inner\" data-wow-delay=\"ms\">\n                                    <div class=\"pxl-item--content\">\n                                        <div class=\"content--inner\">\n                                            <div class=\"content--wrapper\">\n                                                                                                    <div class=\"pxl-item--subtitle pxl-transtion\">Bikotronic<\/div>\n                                                                                                                                                    <h1 class=\"pxl-item--title el-empty pxl-transtion\">\n                                                    GTC                                                    <\/h1>\n                                                                                                                                                <div class=\"pxl-item--link\">\n                                                                                                                                                        <\/div>\n                                            <\/div>\n                                        <\/div>\n                                    <\/div>\n                                <\/div>\n                                                                   <div class=\"mask--content\" style=\"background-image: url(https:\/\/bikotronic.de\/wp-content\/uploads\/2025\/01\/bikotronic-banner-02.jpg);\"><\/div>\n                                                          <\/div>\n                       <\/div>\n                                  <\/div>\n           <\/div>\n                               <div class=\"pxl-swiper-arrow-wrap style-5\">\n                <div class=\"pxl-swiper-arrow pxl-swiper-arrow-prev\"><i class=\"far fa-arrow-left rtl-icon\"><\/i><\/div>\n                <div class=\"pxl-swiper-arrow pxl-swiper-arrow-next\"><i class=\"far fa-arrow-right rtl-icon\"><\/i><\/div>\n            <\/div>\n            <\/div>\n<\/div>\n\t\t\t\t<\/div>\n\t\t\t\t<\/div>\n\t\t            <\/div>\r\n        <\/div>\r\n        \t\t\t<\/div>\n\t\t<\/section>\n\t\t        <section class=\"elementor-section elementor-top-section elementor-element elementor-element-b0d7b68 elementor-section-stretched elementor-section-boxed elementor-section-height-default elementor-section-height-default pxl-row-scroll-none pxl-zoom-point-false pxl-section-overflow-visible pxl-section-fix-none pxl-bg-color-none pxl-section-overlay-none\" data-id=\"b0d7b68\" data-element_type=\"section\" data-settings=\"{&quot;stretch_section&quot;:&quot;section-stretched&quot;}\">\n\n                \n                <div class=\"elementor-container elementor-column-gap-default\">\n                <div class=\"elementor-column elementor-col-100 elementor-top-column elementor-element elementor-element-2f2deda pxl-column-none pxl-column-overflow-hidden-no\" data-id=\"2f2deda\" data-element_type=\"column\">\r\n        <div class=\"elementor-widget-wrap elementor-element-populated\">\r\n                     \r\n        \t\t<div class=\"elementor-element elementor-element-589c318 elementor-widget elementor-widget-pxl_heading\" data-id=\"589c318\" data-element_type=\"widget\" data-widget_type=\"pxl_heading.default\">\n\t\t\t\t<div class=\"elementor-widget-container\">\n\t\t\t\t\t\n<div id=\"pxl-pxl_heading-589c318-8087\" class=\"pxl-heading px-sub-title-dot-style\">\n\t<div class=\"pxl-heading--inner\">\n\t\t\t\t\t<div class=\"pxl-item--subtitle px-sub-title-dot\" data-wow-delay=\"ms\">\n\t\t\t\t<span class=\"pxl-item--subtext\">\n\t\t\t\t\t\t\t\t\t\tDettagli\t\t\t\t<\/span>\n\t\t\t<\/div>\n\t\t\n\t\t\t<h2 class=\"pxl-item--title style-default highlight-default\" data-wow-delay=\"ms\">\n\t\t\t\t\t\t\tCondizioni generali di consegna e di pagamento\t\n\t\t\t\t\n\t\t<\/h2>\n\t<\/div>\n<\/div> \t\t\t\t<\/div>\n\t\t\t\t<\/div>\n\t\t\t\t<div class=\"elementor-element elementor-element-37224a8 elementor-widget elementor-widget-text-editor\" data-id=\"37224a8\" data-element_type=\"widget\" data-widget_type=\"text-editor.default\">\n\t\t\t\t<div class=\"elementor-widget-container\">\n\t\t\t\t\t\t\t\t\t<p>\u00a71 Generale - Ambito di applicazione<\/p><p>Le nostre Condizioni di vendita si applicano in via esclusiva; non riconosciamo i termini e le condizioni del cliente che siano in conflitto con le nostre Condizioni di vendita o che si discostino da esse, a meno che non ne abbiamo espressamente accettato la validit\u00e0 per iscritto. Le nostre Condizioni di vendita si applicano anche se effettuiamo la consegna al cliente senza riserve, sapendo che i termini e le condizioni del cliente sono in conflitto con le nostre Condizioni di vendita o si discostano da esse. Tutti gli accordi presi tra noi e il cliente ai fini dell'esecuzione del presente contratto sono riportati per iscritto nel presente contratto. Le nostre Condizioni di vendita si applicano esclusivamente agli imprenditori ai sensi dell'articolo 310 (1) del Codice civile tedesco (BGB). Le nostre Condizioni di vendita si applicano anche a tutte le future transazioni con il cliente.<\/p><p>\u00a72 Offerta - Documenti dell'offerta<\/p><p>Se l'ordine deve essere qualificato come offerta ai sensi del \u00a7 145 BGB, possiamo accettarlo entro 2 settimane. L'offerta da parte nostra al cliente per la stipula di un contratto \u00e8 soggetta a modifiche. Ci riserviamo i diritti di propriet\u00e0 e di copyright su illustrazioni, disegni, calcoli e altri documenti. Ci\u00f2 vale anche per i documenti scritti contrassegnati dalla dicitura \"confidenziale\". Il cliente deve ottenere il nostro esplicito consenso scritto prima di trasmetterli a terzi.<\/p><p>\u00a73 Prezzi e condizioni di pagamento<\/p><p>Se non diversamente indicato nella conferma d'ordine, i nostri prezzi si intendono \"franco fabbrica\", escluso l'imballaggio, che verr\u00e0 fatturato separatamente. Ci riserviamo il diritto di modificare i nostri prezzi di conseguenza se dopo la stipula del contratto si verificano riduzioni o aumenti dei costi, in particolare a causa di contratti collettivi di lavoro o di variazioni dei prezzi dei materiali. Su richiesta, forniremo al cliente la prova di tali modifiche. L'imposta sul valore aggiunto prevista dalla legge non \u00e8 inclusa nei nostri prezzi. Essa sar\u00e0 indicata separatamente sulla fattura, in base all'aliquota di legge, il giorno della fatturazione. Se non diversamente indicato nella conferma d'ordine, il prezzo d'acquisto netto (senza detrazioni) deve essere pagato entro 30 giorni dalla data della fattura. Si applicano le norme di legge relative alle conseguenze del ritardo di pagamento. La deduzione di uno sconto richiede uno speciale accordo scritto. Il cliente ha diritto alla compensazione solo se le sue contropretese sono state stabilite legalmente, sono incontestate o sono state riconosciute da noi. Inoltre, il cliente \u00e8 autorizzato a esercitare un diritto di ritenzione nella misura in cui la sua contropretesa si basa sullo stesso rapporto contrattuale.<\/p><p>\u00a74 Tempi di consegna<\/p><p>L'inizio del termine di consegna da noi indicato \u00e8 subordinato al chiarimento di tutte le questioni tecniche. L'adempimento del nostro obbligo di consegna presuppone anche il puntuale e corretto adempimento dell'obbligo del cliente. Resta riservata l'eccezione di inadempimento del contratto. Se il cliente \u00e8 in ritardo nell'accettazione o viola colpevolmente altri obblighi di collaborazione, abbiamo il diritto di richiedere il risarcimento dei danni da noi subiti a tale riguardo, comprese le spese aggiuntive. Ci riserviamo il diritto di far valere ulteriori diritti. Se i requisiti di cui al punto 3) sono soddisfatti, il rischio di perdita accidentale o di deterioramento accidentale dell'articolo acquistato passa al cliente nel momento in cui il cliente \u00e8 in ritardo nell'accettazione o nel ritardo del debitore. Siamo responsabili ai sensi delle disposizioni di legge se il contratto di acquisto sottostante \u00e8 una transazione a data fissa ai sensi del \u00a7 286 (2) n. 4 BGB o del \u00a7 376 HGB. Siamo inoltre responsabili ai sensi delle disposizioni di legge se, a causa di un ritardo nella consegna a noi imputabile, il cliente ha il diritto di far valere il proprio interesse all'ulteriore adempimento del contratto. Siamo responsabili ai sensi delle disposizioni di legge anche se il ritardo nella consegna \u00e8 dovuto a una violazione del contratto dolosa o gravemente colposa di cui siamo responsabili; eventuali colpe dei nostri rappresentanti o ausiliari sono da attribuire a noi. Se il ritardo nella consegna non \u00e8 dovuto a una violazione intenzionale del contratto di cui siamo responsabili, la nostra responsabilit\u00e0 per i danni sar\u00e0 limitata al danno prevedibile e tipicamente verificatosi. Siamo responsabili ai sensi delle disposizioni di legge anche se il ritardo nella consegna di cui siamo responsabili \u00e8 dovuto alla violazione colposa di un obbligo contrattuale sostanziale; in questo caso, tuttavia, la nostra responsabilit\u00e0 per i danni sar\u00e0 limitata al danno prevedibile e tipicamente verificatosi. Restano riservate le ulteriori rivendicazioni e i diritti del cliente previsti dalla legge.<\/p><p>\u00a75 Trasferimento del rischio - costi di imballaggio<\/p><p>Se non diversamente indicato nella conferma d'ordine, si concorda la consegna \"franco fabbrica\". Per la restituzione dell'imballaggio valgono accordi separati. Se il cliente lo desidera, copriremo la consegna con un'assicurazione sul trasporto; i costi sostenuti a tale riguardo saranno a carico del cliente.<\/p><p>\u00a76 Responsabilit\u00e0 per difetti<\/p><p>I reclami per difetti da parte del cliente presuppongono che quest'ultimo abbia correttamente adempiuto ai propri obblighi di controllo della merce e di denuncia dei difetti ai sensi del \u00a7 377 HGB (Codice commerciale tedesco). In presenza di un difetto dell'articolo acquistato, siamo autorizzati, a nostra discrezione, a un adempimento successivo sotto forma di eliminazione del difetto o di consegna di un nuovo articolo privo di difetti. In caso di eliminazione del difetto, siamo tenuti a sostenere tutte le spese necessarie per l'eliminazione del difetto, in particolare i costi di trasporto, viaggio, manodopera e materiale, nella misura in cui questi non siano aumentati dal fatto che l'articolo acquistato \u00e8 stato portato in un luogo diverso da quello di esecuzione. Se l'adempimento successivo non riesce, il cliente ha il diritto, a sua discrezione, di chiedere il recesso o una riduzione del prezzo. Siamo responsabili ai sensi delle disposizioni di legge se il cliente avanza richieste di risarcimento danni basate su dolo o colpa grave, compreso il dolo o la colpa grave dei nostri rappresentanti o ausiliari. Se non siamo accusati di violazione dolosa del contratto, la nostra responsabilit\u00e0 per i danni \u00e8 limitata ai danni prevedibili e tipici. Siamo responsabili ai sensi delle disposizioni di legge se violiamo colposamente un obbligo contrattuale essenziale; in questo caso, tuttavia, la nostra responsabilit\u00e0 per i danni sar\u00e0 limitata al danno prevedibile e tipicamente verificatosi. Esiste un obbligo contrattuale essenziale se la violazione riguarda un obbligo sul cui adempimento il cliente ha fatto affidamento e aveva il diritto di fare affidamento. La responsabilit\u00e0 per lesioni colpose alla vita, all'integrit\u00e0 fisica o alla salute rimane inalterata; ci\u00f2 vale anche per la responsabilit\u00e0 obbligatoria ai sensi della legge sulla responsabilit\u00e0 del prodotto. Se non diversamente stabilito, la responsabilit\u00e0 \u00e8 esclusa. Il termine di prescrizione per i reclami per difetti \u00e8 di 12 mesi, calcolati a partire dal trasferimento del rischio. Il termine di prescrizione in caso di ricorso per consegna ai sensi dei \u00a7\u00a7 478, 479 BGB rimane inalterato.<\/p><p>\u00a77 Responsabilit\u00e0 solidale<\/p><p>Si esclude qualsiasi ulteriore responsabilit\u00e0 per danni diversi da quelli previsti dal \u00a7 6, indipendentemente dalla natura giuridica della pretesa avanzata. Ci\u00f2 vale in particolare per le richieste di risarcimento danni derivanti da culpa in contrahendo, altre violazioni di obblighi o richieste di risarcimento danni materiali di natura illecita ai sensi del \u00a7 823 BGB. La limitazione di cui al punto 7.1. si applica anche nel caso in cui il cliente richieda un risarcimento per spese inutili invece di una richiesta di risarcimento danni in sostituzione della prestazione. Nella misura in cui la nostra responsabilit\u00e0 per i danni \u00e8 esclusa o limitata, ci\u00f2 vale anche per la responsabilit\u00e0 personale per i danni dei nostri dipendenti, lavoratori, collaboratori, rappresentanti e agenti ausiliari.<\/p><p>\u00a78 Conservazione del titolo<\/p><p>Ci riserviamo la propriet\u00e0 dell'oggetto acquistato fino al ricevimento di tutti i pagamenti derivanti dal contratto di fornitura. Se il cliente viola il contratto, in particolare in caso di ritardo nel pagamento, abbiamo il diritto di ritirare l'articolo acquistato. Il ritiro dell'articolo acquistato costituisce una risoluzione del contratto. Dopo aver ripreso l'articolo acquistato, saremo autorizzati a venderlo; il ricavato della vendita sar\u00e0 compensato con i debiti del cliente - al netto di ragionevoli costi di vendita. Il cliente \u00e8 tenuto a trattare l'articolo acquistato con cura; in particolare, \u00e8 tenuto ad assicurarlo adeguatamente a proprie spese contro i danni da incendio, acqua e furto al valore di sostituzione. Se sono necessari interventi di manutenzione e ispezione, il cliente \u00e8 tenuto a eseguirli tempestivamente e a proprie spese. In caso di sequestro o di altri interventi da parte di terzi, il cliente \u00e8 tenuto a informarci immediatamente per iscritto, in modo che possiamo intraprendere un'azione legale ai sensi dell'articolo 771 del Codice di procedura civile tedesco (ZPO). Se il terzo non \u00e8 in grado di rimborsarci i costi giudiziari o extragiudiziari di un'azione ai sensi del \u00a7 771 ZPO, il cliente sar\u00e0 responsabile della perdita da noi subita. Il cliente ha il diritto di rivendere l'articolo acquistato nell'ambito della normale attivit\u00e0 commerciale; tuttavia ci cede tutti i crediti pari all'importo finale della fattura (IVA inclusa) del nostro credito che gli derivano dalla rivendita nei confronti dei suoi clienti o di terzi, indipendentemente dal fatto che l'articolo acquistato sia stato rivenduto senza o dopo la lavorazione. Il cliente rimane autorizzato a riscuotere tale credito anche dopo la cessione. La nostra autorizzazione a riscuotere il credito rimane inalterata. Tuttavia, ci impegniamo a non riscuotere il credito finch\u00e9 il cliente adempie ai suoi obblighi di pagamento con il ricavato ricevuto, non \u00e8 in mora e, in particolare, non \u00e8 stata presentata alcuna domanda di apertura di una procedura di concordato o di insolvenza e i pagamenti non sono stati sospesi. In tal caso, tuttavia, possiamo esigere che il cliente ci comunichi i crediti ceduti e i relativi debitori, fornisca tutte le informazioni necessarie per la riscossione, consegni i relativi documenti e informi i debitori (terzi) della cessione. L'elaborazione o la rimodulazione dell'oggetto della vendita da parte del cliente avviene sempre per nostro conto. Se l'oggetto acquistato viene lavorato insieme ad altri oggetti non di nostra propriet\u00e0, acquisiremo la compropriet\u00e0 del nuovo oggetto nel rapporto tra il valore dell'oggetto acquistato (importo finale della fattura, IVA inclusa) e gli altri oggetti lavorati al momento della lavorazione. Per il resto, all'oggetto creato dalla lavorazione si applicano le stesse condizioni dell'oggetto acquistato consegnato con riserva di propriet\u00e0. Se l'articolo acquistato viene mescolato in modo indissolubile con altri articoli non di nostra propriet\u00e0, acquisiremo la compropriet\u00e0 del nuovo articolo in proporzione al valore dell'articolo acquistato (importo finale della fattura, IVA inclusa) rispetto agli altri articoli mescolati al momento della mescolanza. Se la miscelazione avviene in modo tale che l'articolo del cliente debba essere considerato l'articolo principale, si concorda che il cliente ci trasferisca la compropriet\u00e0 su base proporzionale. Il cliente manterr\u00e0 per noi la propriet\u00e0 esclusiva o la compropriet\u00e0 risultante. Il cliente ci cede inoltre i crediti a garanzia dei nostri diritti nei suoi confronti che sorgono nei confronti di terzi a causa della combinazione dell'oggetto acquistato con un immobile. Ci impegniamo a svincolare le garanzie a cui abbiamo diritto su richiesta del cliente, nella misura in cui il valore realizzabile delle nostre garanzie superi i crediti da garantire di oltre 10 %; la scelta delle garanzie da svincolare \u00e8 di nostra competenza.<\/p><p>\u00a79 Luogo di giurisdizione, luogo di adempimento<\/p><p>Se il cliente \u00e8 un commerciante, il foro competente \u00e8 la nostra sede legale; tuttavia, siamo autorizzati a citare il cliente anche presso il tribunale del suo luogo di residenza; si applica il diritto della Repubblica Federale Tedesca; \u00e8 esclusa l'applicazione della Convenzione delle Nazioni Unite sui contratti di vendita internazionale di merci. Se non diversamente indicato nella conferma d'ordine, la nostra sede legale \u00e8 il luogo di adempimento.<\/p>\t\t\t\t\t\t\t\t<\/div>\n\t\t\t\t<\/div>\n\t\t            <\/div>\r\n        <\/div>\r\n        \t\t\t<\/div>\n\t\t<\/section>\n\t\t\t\t<\/div>","protected":false},"excerpt":{"rendered":"<p>Bikotronic AGB Angaben AGB Liefer- und Zahlungsbedingungen \u00a71 Allgemeines \u2013 Geltungsbereich Unsere Verkaufsbedingungen gelten ausschlie\u00dflich; entgegenstehende oder von unseren Verkaufsbedingungen abweichende Bedingungen des Kunden erkennen wir nicht an, es sei denn, wir h\u00e4tten ausdr\u00fccklich schriftlich ihrer Geltung zugestimmt. Unsere Verkaufsbedingungen gelten auch dann, wenn wir in Kenntnis entgegenstehender oder von unseren Verkaufsbedingungen abweichender Bedingungen des [&hellip;]<\/p>","protected":false},"author":1,"featured_media":0,"parent":0,"menu_order":0,"comment_status":"closed","ping_status":"closed","template":"","meta":{"footnotes":""},"class_list":["post-16223","page","type-page","status-publish","hentry"],"yoast_head":"<!-- This site is optimized with the Yoast SEO plugin v23.2 - https:\/\/yoast.com\/wordpress\/plugins\/seo\/ -->\n<title>Bikotronic Industrie-Elektronik: AGB<\/title>\n<meta name=\"description\" content=\"Erfahren Sie alles \u00fcber die Allgemeinen Gesch\u00e4ftsbedingungen (AGB) von Bikotronic Industrie-Elektronik.\" \/>\n<meta name=\"robots\" content=\"noindex, nofollow\" \/>\n<meta property=\"og:locale\" content=\"it_IT\" \/>\n<meta property=\"og:type\" content=\"article\" \/>\n<meta property=\"og:title\" content=\"Bikotronic Industrie-Elektronik: AGB\" \/>\n<meta property=\"og:description\" content=\"Erfahren Sie alles \u00fcber die Allgemeinen Gesch\u00e4ftsbedingungen (AGB) von Bikotronic Industrie-Elektronik.\" \/>\n<meta property=\"og:url\" content=\"https:\/\/bikotronic.de\/it\/agb\/\" \/>\n<meta property=\"og:site_name\" content=\"Bikotronic\" \/>\n<meta property=\"article:modified_time\" content=\"2025-03-06T09:21:41+00:00\" \/>\n<meta name=\"twitter:card\" content=\"summary_large_image\" \/>\n<meta name=\"twitter:label1\" content=\"Tempo di lettura stimato\" \/>\n\t<meta name=\"twitter:data1\" content=\"9 minuti\" \/>\n<script type=\"application\/ld+json\" class=\"yoast-schema-graph\">{\"@context\":\"https:\/\/schema.org\",\"@graph\":[{\"@type\":\"WebPage\",\"@id\":\"https:\/\/bikotronic.de\/agb\/\",\"url\":\"https:\/\/bikotronic.de\/agb\/\",\"name\":\"Bikotronic Industrie-Elektronik: AGB\",\"isPartOf\":{\"@id\":\"https:\/\/bikotronic.de\/#website\"},\"datePublished\":\"2024-10-02T06:10:27+00:00\",\"dateModified\":\"2025-03-06T09:21:41+00:00\",\"description\":\"Erfahren Sie alles \u00fcber die Allgemeinen Gesch\u00e4ftsbedingungen (AGB) von Bikotronic Industrie-Elektronik.\",\"breadcrumb\":{\"@id\":\"https:\/\/bikotronic.de\/agb\/#breadcrumb\"},\"inLanguage\":\"it-IT\",\"potentialAction\":[{\"@type\":\"ReadAction\",\"target\":[\"https:\/\/bikotronic.de\/agb\/\"]}]},{\"@type\":\"BreadcrumbList\",\"@id\":\"https:\/\/bikotronic.de\/agb\/#breadcrumb\",\"itemListElement\":[{\"@type\":\"ListItem\",\"position\":1,\"name\":\"Startseite\",\"item\":\"https:\/\/bikotronic.de\/\"},{\"@type\":\"ListItem\",\"position\":2,\"name\":\"AGB\"}]},{\"@type\":\"WebSite\",\"@id\":\"https:\/\/bikotronic.de\/#website\",\"url\":\"https:\/\/bikotronic.de\/\",\"name\":\"Bikotronic\",\"description\":\"Industrie-Elektronik GmbH\",\"potentialAction\":[{\"@type\":\"SearchAction\",\"target\":{\"@type\":\"EntryPoint\",\"urlTemplate\":\"https:\/\/bikotronic.de\/?s={search_term_string}\"},\"query-input\":\"required name=search_term_string\"}],\"inLanguage\":\"it-IT\"}]}<\/script>\n<!-- \/ Yoast SEO plugin. -->","yoast_head_json":{"title":"Bikotronic Industrie-Elektronik: AGB","description":"Erfahren Sie alles \u00fcber die Allgemeinen Gesch\u00e4ftsbedingungen (AGB) von Bikotronic Industrie-Elektronik.","robots":{"index":"noindex","follow":"nofollow"},"og_locale":"it_IT","og_type":"article","og_title":"Bikotronic Industrie-Elektronik: AGB","og_description":"Erfahren Sie alles \u00fcber die Allgemeinen Gesch\u00e4ftsbedingungen (AGB) von Bikotronic Industrie-Elektronik.","og_url":"https:\/\/bikotronic.de\/it\/agb\/","og_site_name":"Bikotronic","article_modified_time":"2025-03-06T09:21:41+00:00","twitter_card":"summary_large_image","twitter_misc":{"Tempo di lettura stimato":"9 minuti"},"schema":{"@context":"https:\/\/schema.org","@graph":[{"@type":"WebPage","@id":"https:\/\/bikotronic.de\/agb\/","url":"https:\/\/bikotronic.de\/agb\/","name":"Bikotronic Industrie-Elektronik: AGB","isPartOf":{"@id":"https:\/\/bikotronic.de\/#website"},"datePublished":"2024-10-02T06:10:27+00:00","dateModified":"2025-03-06T09:21:41+00:00","description":"Erfahren Sie alles \u00fcber die Allgemeinen Gesch\u00e4ftsbedingungen (AGB) von Bikotronic Industrie-Elektronik.","breadcrumb":{"@id":"https:\/\/bikotronic.de\/agb\/#breadcrumb"},"inLanguage":"it-IT","potentialAction":[{"@type":"ReadAction","target":["https:\/\/bikotronic.de\/agb\/"]}]},{"@type":"BreadcrumbList","@id":"https:\/\/bikotronic.de\/agb\/#breadcrumb","itemListElement":[{"@type":"ListItem","position":1,"name":"Startseite","item":"https:\/\/bikotronic.de\/"},{"@type":"ListItem","position":2,"name":"AGB"}]},{"@type":"WebSite","@id":"https:\/\/bikotronic.de\/#website","url":"https:\/\/bikotronic.de\/","name":"Bikotronic","description":"Industrie-Elektronik GmbH","potentialAction":[{"@type":"SearchAction","target":{"@type":"EntryPoint","urlTemplate":"https:\/\/bikotronic.de\/?s={search_term_string}"},"query-input":"required name=search_term_string"}],"inLanguage":"it-IT"}]}},"_links":{"self":[{"href":"https:\/\/bikotronic.de\/it\/wp-json\/wp\/v2\/pages\/16223","targetHints":{"allow":["GET"]}}],"collection":[{"href":"https:\/\/bikotronic.de\/it\/wp-json\/wp\/v2\/pages"}],"about":[{"href":"https:\/\/bikotronic.de\/it\/wp-json\/wp\/v2\/types\/page"}],"author":[{"embeddable":true,"href":"https:\/\/bikotronic.de\/it\/wp-json\/wp\/v2\/users\/1"}],"replies":[{"embeddable":true,"href":"https:\/\/bikotronic.de\/it\/wp-json\/wp\/v2\/comments?post=16223"}],"version-history":[{"count":34,"href":"https:\/\/bikotronic.de\/it\/wp-json\/wp\/v2\/pages\/16223\/revisions"}],"predecessor-version":[{"id":18987,"href":"https:\/\/bikotronic.de\/it\/wp-json\/wp\/v2\/pages\/16223\/revisions\/18987"}],"wp:attachment":[{"href":"https:\/\/bikotronic.de\/it\/wp-json\/wp\/v2\/media?parent=16223"}],"curies":[{"name":"wp","href":"https:\/\/api.w.org\/{rel}","templated":true}]}}